{"id":49,"date":"2023-12-25T02:39:39","date_gmt":"2023-12-25T02:39:39","guid":{"rendered":"https:\/\/atlas-prontv.com\/?post_type=product&#038;p=49"},"modified":"2026-04-11T03:14:14","modified_gmt":"2026-04-11T02:14:14","slug":"king365-iptv","status":"publish","type":"product","link":"https:\/\/atlas-prontv.com\/index.php\/product\/king365-iptv\/","title":{"rendered":"king365 iptv"},"content":{"rendered":"<div class=\"w-full text-token-text-primary\" data-testid=\"conversation-turn-3\">\n<div class=\"px-4 py-2 justify-center text-base md:gap-6 m-auto\">\n<div class=\"flex flex-1 text-base mx-auto gap-3 md:px-5 lg:px-1 xl:px-5 md:max-w-3xl lg:max-w-[40rem] xl:max-w-[48rem] group final-completion\">\n<div class=\"relative flex w-full flex-col lg:w-[calc(100%-115px)] agent-turn\">\n<div class=\"flex-col gap-1 md:gap-3\">\n<div class=\"flex flex-grow flex-col max-w-full\">\n<div class=\"min-h-[20px] text-message flex flex-col items-start gap-3 whitespace-pre-wrap break-words [.text-message+&amp;]:mt-5 overflow-x-auto\" data-message-author-role=\"assistant\" data-message-id=\"c572aa0f-f373-4c47-9f42-3e8453eca56a\">\n<div class=\"markdown prose w-full break-words dark:prose-invert dark\">\n<p>King365 TV IPTV est une solution de t\u00e9l\u00e9vision par internet qui offre une grande vari\u00e9t\u00e9 de fonctionnalit\u00e9s pour am\u00e9liorer l&#8217;exp\u00e9rience de visionnage. Voici un r\u00e9sum\u00e9 de ses caract\u00e9ristiques principales :<\/p>\n<ol>\n<li><strong>Compatibilit\u00e9 \u00c9tendue<\/strong> : Le service est compatible avec une vari\u00e9t\u00e9 de dispositifs comme les Smart TV de marques telles que Samsung, LG, Sony, Sharp, Philips et d&#8217;autres, en utilisant des applications telles que SMART IPTV, NET IPTV, SET IPTV, Nanomid, IPTV Smarters Player, GSE IPTV, et d&#8217;autres. Il fonctionne \u00e9galement sur des appareils MAG, divers bo\u00eetiers Android, smartphones, tablettes, PC et m\u00eame sur Amazon Fire Stick\u200b\u200b\u200b\u200b.<\/li>\n<li><strong>Contenu Vari\u00e9<\/strong> : King365 TV offre un acc\u00e8s \u00e0 environ 30.000 cha\u00eenes de t\u00e9l\u00e9vision, films, et s\u00e9ries. Il inclut des cha\u00eenes en direct et des options de vid\u00e9o \u00e0 la demande (VOD) en Full HD, majoritairement en multilingue. Les cha\u00eenes disponibles couvrent un large \u00e9ventail de pays et de genres, y compris la France, la Belgique, la Suisse, l&#8217;Alg\u00e9rie, le Maroc, la Tunisie, ainsi que d&#8217;autres pays europ\u00e9ens, arabes, et d&#8217;Am\u00e9rique du Nord et du Sud\u200b\u200b\u200b\u200b.<\/li>\n<li><strong>Fonctionnalit\u00e9s Avanc\u00e9es<\/strong> : L&#8217;abonnement offre des options telles que la poursuite de la lecture d&#8217;un film ou d&#8217;une s\u00e9rie l\u00e0 o\u00f9 elle a \u00e9t\u00e9 interrompue, m\u00eame apr\u00e8s avoir \u00e9teint la TV. D&#8217;autres fonctionnalit\u00e9s incluent un guide \u00e9lectronique des programmes (EPG), la compatibilit\u00e9 avec les services VPN pour une utilisation internationale, le catch-up TV pour revoir les programmes diffus\u00e9s, et un zapping ultra-rapide\u200b\u200b\u200b\u200b.<\/li>\n<li><strong>Qualit\u00e9 d&#8217;Image et de Son<\/strong> : King365 TV met l&#8217;accent sur la qualit\u00e9 avec des options d&#8217;image allant jusqu&#8217;\u00e0 4K-UHD, FHD, HD et SD, assurant une exp\u00e9rience visuelle et sonore de qualit\u00e9 sup\u00e9rieure\u200b\u200b.<\/li>\n<li><strong>Tarification et Abonnement<\/strong> : Le service propose diff\u00e9rents plans d&#8217;abonnement, avec des options telles que \u20ac4.5\/mois pour un acc\u00e8s de base et des offres plus compl\u00e8tes pour 6 ou 12 mois. Ils offrent \u00e9galement une p\u00e9riode d&#8217;essai pour tester le service avant de s&#8217;engager\u200b\u200b.<\/li>\n<\/ol>\n<p>En r\u00e9sum\u00e9, King365 TV IPTV se pr\u00e9sente comme une option abordable et de haute qualit\u00e9 pour les consommateurs \u00e0 la recherche d&#8217;une alternative aux abonnements de t\u00e9l\u00e9vision traditionnels, offrant une large gamme de contenus et de fonctionnalit\u00e9s pratiques pour une exp\u00e9rience de visionnage am\u00e9lior\u00e9e.<\/p>\n<\/div>\n<\/div>\n<\/div>\n<\/div>\n<\/div>\n<\/div>\n<\/div>\n<\/div>\n<div class=\"mx-auto\">\n<div data-projection-id=\"55\">\n<div class=\"mx-auto mt-2 inline-flex rounded-xl border border-gray-100 dark:border-gray-700\"><\/div>\n<\/div>\n<\/div>\n","protected":false},"excerpt":{"rendered":"<p>King365 IPTV, votre nouvelle solution pour une exp\u00e9rience t\u00e9l\u00e9visuelle de qualit\u00e9 sup\u00e9rieure. Ce service propose une vaste s\u00e9lection de cha\u00eenes et de contenus VOD pour satisfaire toutes vos envies de divertissement. Voici un aper\u00e7u des fonctionnalit\u00e9s cl\u00e9s de King365 IPTV :<\/p>\n<p>\ud83c\udf10 <strong>Diversit\u00e9 des Cha\u00eenes<\/strong> : Profitez de plus de 4500 cha\u00eenes de t\u00e9l\u00e9vision en SD, HD, Full HD, UHD et 4K, couvrant un large \u00e9ventail de genres et de langues pour plaire \u00e0 tous les publics.<\/p>\n<p>\ud83c\udfac <strong>Riche Biblioth\u00e8que VOD<\/strong> : Plongez dans un univers de plus de 7000 films et s\u00e9ries en HD, Full HD, 3D et 4K, r\u00e9guli\u00e8rement actualis\u00e9s pour vous offrir le meilleur du divertissement.<\/p>\n<p>\ud83d\udd25 <strong>Qualit\u00e9 de Streaming Exceptionnelle<\/strong> : Avec la diffusion en plusieurs qualit\u00e9s vid\u00e9o, King365 IPTV assure une exp\u00e9rience de visionnage fluide et adapt\u00e9e \u00e0 votre connexion internet.<\/p>\n<p>\ud83d\udcf1 <strong>Compatibilit\u00e9 Multidispositif<\/strong> : Que vous pr\u00e9f\u00e9riez regarder sur une Smart TV, un appareil MAG, ou via les plateformes iOS et Android, King365 IPTV est con\u00e7u pour une compatibilit\u00e9 universelle.<\/p>\n<p>\u23f0 <strong>Assistance Client\u00e8le H24<\/strong> : Un support technique est \u00e0 votre disposition 24 heures sur 24 pour r\u00e9pondre \u00e0 toutes vos interrogations et r\u00e9soudre vos probl\u00e8mes.<\/p>\n<p>\ud83d\udee1\ufe0f <strong>S\u00e9curit\u00e9 Renforc\u00e9e<\/strong> : Vos donn\u00e9es personnelles sont prot\u00e9g\u00e9es avec les m\u00e9thodes de cryptage les plus avanc\u00e9es, pour une tranquillit\u00e9 d&#8217;esprit totale.<\/p>\n<p>\ud83c\udf0d <strong>Contenus Internationaux<\/strong> : Avec des programmes disponibles dans plusieurs langues, King365 IPTV vous fait voyager \u00e0 travers le monde depuis votre canap\u00e9.<\/p>\n<p>\ud83d\udcf2 <strong>Flexibilit\u00e9 d&#8217;Applications<\/strong> : Compatible avec des applications r\u00e9pandues telles que VLC, Ace Player, Kodi, King365 IPTV s&#8217;adapte \u00e0 vos pr\u00e9f\u00e9rences de streaming.<\/p>\n<p>\ud83d\udcb8 <strong>Tarifs Comp\u00e9titifs et Offres R\u00e9guli\u00e8res<\/strong> : King365 IPTV allie qualit\u00e9 et accessibilit\u00e9 avec des tarifs attractifs et des promotions r\u00e9guli\u00e8res pour le plaisir de tous.<\/p>\n<p>King365 IPTV est la cl\u00e9 pour un divertissement t\u00e9l\u00e9visuel diversifi\u00e9 et de qualit\u00e9. C&#8217;est le choix id\u00e9al pour ceux qui recherchent une exp\u00e9rience t\u00e9l\u00e9visuelle enrichie, alliant un vaste choix de contenu, une qualit\u00e9 d&#8217;image impeccable, et une exp\u00e9rience utilisateur sans faille.<br \/>\n<button id=\"btn-1\" class=\"3M btn-buy btn-color\">Commander un test gratuit<\/button><\/p>\n<p><button id=\"btn-3\" class=\"12M btn-buy \">Commander par paypal ou carte bancaire<\/button><br \/>\n<script src=\"https:\/\/ajax.googleapis.com\/ajax\/libs\/jquery\/3.6.3\/jquery.min.js\"><\/script><br \/>\n<script>\nvar URLS =[]\nURLS['3M'] = ['https:\/\/www.powr.io\/form-builder\/i\/30608642#page','https:\/\/www.powr.io\/form-builder\/i\/30608642#page']\nURLS['6M'] = ['https:\/\/www.powr.io\/form-builder\/i\/33312554#page','https:\/\/www.powr.io\/form-builder\/i\/33312554#page']\nURLS['12M'] =['https:\/\/www.powr.io\/form-builder\/i\/35623960#page','https:\/\/www.powr.io\/form-builder\/i\/35623960#page']\nfunction geturl(periode){\nURLs= URLS[periode]\nvar link = document.getElementsByClassName(periode)[0];\nlink.setAttribute('href', URLs[Math.floor((Math.random() * URLs.length) )]);\nconsole.log(\"work\")\nwindow.location=URLs[Math.floor((Math.random() * URLs.length) )]\n}\n$(document).ready(function() {$(\"#btn-1\").click(function(){geturl('3M');}); \n$(\"#btn-3\").click(function(){geturl('12M');}); \n});\n<\/script><\/p>\n<style>\n.btn-buy {appearance: none;background-color: #EFF168;border: 2px solid #1A1A1A;border-radius: 15px;  box-sizing: border-box;  color: #000000;  cursor: pointer;  display: inline-block;  font-family: Roobert,-apple-system,BlinkMacSystemFont,\"Segoe UI\",Helvetica,Arial,sans-serif,\"Apple Color Emoji\",\"Segoe UI Emoji\",\"Segoe UI Symbol\";  font-size: 16px;  font-weight: 600;  line-height: normal;  margin: 0;  min-height: 60px;  min-width: 0;  outline: none;  padding: 16px 24px;  text-align: center;  text-decoration: none;  transition: all 300ms cubic-bezier(.23, 1, 0.32, 1);  user-select: none;  -webkit-user-select: none;  touch-action: manipulation;  width: 100%;  will-change: transform;}.bbtn-buy:disabled {  pointer-events: none;}.btn-buy:hover {  box-shadow: rgba(0, 0, 0, 0.25) 0 8px 15px;  transform: translateY(-2px);}.btn-buy:active {  box-shadow: none;  transform: translateY(0);}.btn-color{background-color: #213040;color: #FFFFFF;}<\/style>\n","protected":false},"featured_media":44,"comment_status":"open","ping_status":"closed","template":"","meta":{"om_disable_all_campaigns":false,"_monsterinsights_skip_tracking":false,"_monsterinsights_sitenote_active":false,"_monsterinsights_sitenote_note":"","_monsterinsights_sitenote_category":0},"product_cat":[15],"product_tag":[],"class_list":{"0":"post-49","1":"product","2":"type-product","3":"status-publish","4":"has-post-thumbnail","6":"product_cat-uncategorized","8":"first","9":"instock","10":"shipping-taxable","11":"purchasable","12":"product-type-simple"},"yoast_head":"<!-- This site is optimized with the Yoast SEO Premium plugin v20.13 (Yoast SEO v23.4) - https:\/\/yoast.com\/wordpress\/plugins\/seo\/ -->\n<title>king365 iptv - atlas-prontv.com<\/title>\n<meta name=\"robots\" content=\"index, follow, max-snippet:-1, max-image-preview:large, max-video-preview:-1\" \/>\n<link rel=\"canonical\" href=\"https:\/\/atlas-prontv.com\/index.php\/product\/king365-iptv\/\" \/>\n<meta property=\"og:locale\" content=\"en_US\" \/>\n<meta property=\"og:type\" content=\"article\" \/>\n<meta property=\"og:title\" content=\"king365 iptv\" \/>\n<meta property=\"og:description\" content=\"King365 IPTV, votre nouvelle solution pour une exp\u00e9rience t\u00e9l\u00e9visuelle de qualit\u00e9 sup\u00e9rieure. Ce service propose une vaste s\u00e9lection de cha\u00eenes et de contenus VOD pour satisfaire toutes vos envies de divertissement. Voici un aper\u00e7u des fonctionnalit\u00e9s cl\u00e9s de King365 IPTV :  \ud83c\udf10 Diversit\u00e9 des Cha\u00eenes : Profitez de plus de 4500 cha\u00eenes de t\u00e9l\u00e9vision en SD, HD, Full HD, UHD et 4K, couvrant un large \u00e9ventail de genres et de langues pour plaire \u00e0 tous les publics.  \ud83c\udfac Riche Biblioth\u00e8que VOD : Plongez dans un univers de plus de 7000 films et s\u00e9ries en HD, Full HD, 3D et 4K, r\u00e9guli\u00e8rement actualis\u00e9s pour vous offrir le meilleur du divertissement.  \ud83d\udd25 Qualit\u00e9 de Streaming Exceptionnelle : Avec la diffusion en plusieurs qualit\u00e9s vid\u00e9o, King365 IPTV assure une exp\u00e9rience de visionnage fluide et adapt\u00e9e \u00e0 votre connexion internet.  \ud83d\udcf1 Compatibilit\u00e9 Multidispositif : Que vous pr\u00e9f\u00e9riez regarder sur une Smart TV, un appareil MAG, ou via les plateformes iOS et Android, King365 IPTV est con\u00e7u pour une compatibilit\u00e9 universelle.  \u23f0 Assistance Client\u00e8le H24 : Un support technique est \u00e0 votre disposition 24 heures sur 24 pour r\u00e9pondre \u00e0 toutes vos interrogations et r\u00e9soudre vos probl\u00e8mes.  \ud83d\udee1\ufe0f S\u00e9curit\u00e9 Renforc\u00e9e : Vos donn\u00e9es personnelles sont prot\u00e9g\u00e9es avec les m\u00e9thodes de cryptage les plus avanc\u00e9es, pour une tranquillit\u00e9 d&#039;esprit totale.  \ud83c\udf0d Contenus Internationaux : Avec des programmes disponibles dans plusieurs langues, King365 IPTV vous fait voyager \u00e0 travers le monde depuis votre canap\u00e9.  \ud83d\udcf2 Flexibilit\u00e9 d&#039;Applications : Compatible avec des applications r\u00e9pandues telles que VLC, Ace Player, Kodi, King365 IPTV s&#039;adapte \u00e0 vos pr\u00e9f\u00e9rences de streaming.  \ud83d\udcb8 Tarifs Comp\u00e9titifs et Offres R\u00e9guli\u00e8res : King365 IPTV allie qualit\u00e9 et accessibilit\u00e9 avec des tarifs attractifs et des promotions r\u00e9guli\u00e8res pour le plaisir de tous.  King365 IPTV est la cl\u00e9 pour un divertissement t\u00e9l\u00e9visuel diversifi\u00e9 et de qualit\u00e9. C&#039;est le choix id\u00e9al pour ceux qui recherchent une exp\u00e9rience t\u00e9l\u00e9visuelle enrichie, alliant un vaste choix de contenu, une qualit\u00e9 d&#039;image impeccable, et une exp\u00e9rience utilisateur sans faille. Commander un test gratuit  Commander par paypal ou carte bancaire\" \/>\n<meta property=\"og:url\" content=\"https:\/\/atlas-prontv.com\/index.php\/product\/king365-iptv\/\" \/>\n<meta property=\"og:site_name\" content=\"atlas-prontv.com\" \/>\n<meta property=\"article:modified_time\" content=\"2026-04-11T02:14:14+00:00\" \/>\n<meta property=\"og:image\" content=\"http:\/\/atlas-prontv.com\/wp-content\/uploads\/2023\/09\/image-1.png\" \/>\n\t<meta property=\"og:image:width\" content=\"345\" \/>\n\t<meta property=\"og:image:height\" content=\"146\" \/>\n\t<meta property=\"og:image:type\" content=\"image\/png\" \/>\n<meta name=\"twitter:card\" content=\"summary_large_image\" \/>\n<meta name=\"twitter:label1\" content=\"Est. reading time\" \/>\n\t<meta name=\"twitter:data1\" content=\"2 minutes\" \/>\n<script type=\"application\/ld+json\" class=\"yoast-schema-graph\">{\"@context\":\"https:\/\/schema.org\",\"@graph\":[{\"@type\":\"WebPage\",\"@id\":\"https:\/\/atlas-prontv.com\/index.php\/product\/king365-iptv\/\",\"url\":\"https:\/\/atlas-prontv.com\/index.php\/product\/king365-iptv\/\",\"name\":\"king365 iptv - atlas-prontv.com\",\"isPartOf\":{\"@id\":\"https:\/\/atlas-prontv.com\/#website\"},\"primaryImageOfPage\":{\"@id\":\"https:\/\/atlas-prontv.com\/index.php\/product\/king365-iptv\/#primaryimage\"},\"image\":{\"@id\":\"https:\/\/atlas-prontv.com\/index.php\/product\/king365-iptv\/#primaryimage\"},\"thumbnailUrl\":\"https:\/\/atlas-prontv.com\/wp-content\/uploads\/2023\/09\/image-1.png\",\"datePublished\":\"2023-12-25T02:39:39+00:00\",\"dateModified\":\"2026-04-11T02:14:14+00:00\",\"breadcrumb\":{\"@id\":\"https:\/\/atlas-prontv.com\/index.php\/product\/king365-iptv\/#breadcrumb\"},\"inLanguage\":\"en-US\",\"potentialAction\":[{\"@type\":\"ReadAction\",\"target\":[\"https:\/\/atlas-prontv.com\/index.php\/product\/king365-iptv\/\"]}]},{\"@type\":\"ImageObject\",\"inLanguage\":\"en-US\",\"@id\":\"https:\/\/atlas-prontv.com\/index.php\/product\/king365-iptv\/#primaryimage\",\"url\":\"https:\/\/atlas-prontv.com\/wp-content\/uploads\/2023\/09\/image-1.png\",\"contentUrl\":\"https:\/\/atlas-prontv.com\/wp-content\/uploads\/2023\/09\/image-1.png\",\"width\":345,\"height\":146,\"caption\":\"king 365, king365\"},{\"@type\":\"BreadcrumbList\",\"@id\":\"https:\/\/atlas-prontv.com\/index.php\/product\/king365-iptv\/#breadcrumb\",\"itemListElement\":[{\"@type\":\"ListItem\",\"position\":1,\"name\":\"Home\",\"item\":\"https:\/\/atlas-prontv.com\/\"},{\"@type\":\"ListItem\",\"position\":2,\"name\":\"Shop\",\"item\":\"https:\/\/atlas-prontv.com\/index.php\/shop\/\"},{\"@type\":\"ListItem\",\"position\":3,\"name\":\"king365 iptv\"}]},{\"@type\":\"WebSite\",\"@id\":\"https:\/\/atlas-prontv.com\/#website\",\"url\":\"https:\/\/atlas-prontv.com\/\",\"name\":\"atlas-prontv.com\",\"description\":\"\",\"potentialAction\":[{\"@type\":\"SearchAction\",\"target\":{\"@type\":\"EntryPoint\",\"urlTemplate\":\"https:\/\/atlas-prontv.com\/?s={search_term_string}\"},\"query-input\":{\"@type\":\"PropertyValueSpecification\",\"valueRequired\":true,\"valueName\":\"search_term_string\"}}],\"inLanguage\":\"en-US\"}]}<\/script>\n<!-- \/ Yoast SEO Premium plugin. -->","yoast_head_json":{"title":"king365 iptv - atlas-prontv.com","robots":{"index":"index","follow":"follow","max-snippet":"max-snippet:-1","max-image-preview":"max-image-preview:large","max-video-preview":"max-video-preview:-1"},"canonical":"https:\/\/atlas-prontv.com\/index.php\/product\/king365-iptv\/","og_locale":"en_US","og_type":"article","og_title":"king365 iptv","og_description":"King365 IPTV, votre nouvelle solution pour une exp\u00e9rience t\u00e9l\u00e9visuelle de qualit\u00e9 sup\u00e9rieure. Ce service propose une vaste s\u00e9lection de cha\u00eenes et de contenus VOD pour satisfaire toutes vos envies de divertissement. Voici un aper\u00e7u des fonctionnalit\u00e9s cl\u00e9s de King365 IPTV :  \ud83c\udf10 Diversit\u00e9 des Cha\u00eenes : Profitez de plus de 4500 cha\u00eenes de t\u00e9l\u00e9vision en SD, HD, Full HD, UHD et 4K, couvrant un large \u00e9ventail de genres et de langues pour plaire \u00e0 tous les publics.  \ud83c\udfac Riche Biblioth\u00e8que VOD : Plongez dans un univers de plus de 7000 films et s\u00e9ries en HD, Full HD, 3D et 4K, r\u00e9guli\u00e8rement actualis\u00e9s pour vous offrir le meilleur du divertissement.  \ud83d\udd25 Qualit\u00e9 de Streaming Exceptionnelle : Avec la diffusion en plusieurs qualit\u00e9s vid\u00e9o, King365 IPTV assure une exp\u00e9rience de visionnage fluide et adapt\u00e9e \u00e0 votre connexion internet.  \ud83d\udcf1 Compatibilit\u00e9 Multidispositif : Que vous pr\u00e9f\u00e9riez regarder sur une Smart TV, un appareil MAG, ou via les plateformes iOS et Android, King365 IPTV est con\u00e7u pour une compatibilit\u00e9 universelle.  \u23f0 Assistance Client\u00e8le H24 : Un support technique est \u00e0 votre disposition 24 heures sur 24 pour r\u00e9pondre \u00e0 toutes vos interrogations et r\u00e9soudre vos probl\u00e8mes.  \ud83d\udee1\ufe0f S\u00e9curit\u00e9 Renforc\u00e9e : Vos donn\u00e9es personnelles sont prot\u00e9g\u00e9es avec les m\u00e9thodes de cryptage les plus avanc\u00e9es, pour une tranquillit\u00e9 d'esprit totale.  \ud83c\udf0d Contenus Internationaux : Avec des programmes disponibles dans plusieurs langues, King365 IPTV vous fait voyager \u00e0 travers le monde depuis votre canap\u00e9.  \ud83d\udcf2 Flexibilit\u00e9 d'Applications : Compatible avec des applications r\u00e9pandues telles que VLC, Ace Player, Kodi, King365 IPTV s'adapte \u00e0 vos pr\u00e9f\u00e9rences de streaming.  \ud83d\udcb8 Tarifs Comp\u00e9titifs et Offres R\u00e9guli\u00e8res : King365 IPTV allie qualit\u00e9 et accessibilit\u00e9 avec des tarifs attractifs et des promotions r\u00e9guli\u00e8res pour le plaisir de tous.  King365 IPTV est la cl\u00e9 pour un divertissement t\u00e9l\u00e9visuel diversifi\u00e9 et de qualit\u00e9. C'est le choix id\u00e9al pour ceux qui recherchent une exp\u00e9rience t\u00e9l\u00e9visuelle enrichie, alliant un vaste choix de contenu, une qualit\u00e9 d'image impeccable, et une exp\u00e9rience utilisateur sans faille. Commander un test gratuit  Commander par paypal ou carte bancaire","og_url":"https:\/\/atlas-prontv.com\/index.php\/product\/king365-iptv\/","og_site_name":"atlas-prontv.com","article_modified_time":"2026-04-11T02:14:14+00:00","og_image":[{"width":345,"height":146,"url":"http:\/\/atlas-prontv.com\/wp-content\/uploads\/2023\/09\/image-1.png","type":"image\/png"}],"twitter_card":"summary_large_image","twitter_misc":{"Est. reading time":"2 minutes"},"schema":{"@context":"https:\/\/schema.org","@graph":[{"@type":"WebPage","@id":"https:\/\/atlas-prontv.com\/index.php\/product\/king365-iptv\/","url":"https:\/\/atlas-prontv.com\/index.php\/product\/king365-iptv\/","name":"king365 iptv - atlas-prontv.com","isPartOf":{"@id":"https:\/\/atlas-prontv.com\/#website"},"primaryImageOfPage":{"@id":"https:\/\/atlas-prontv.com\/index.php\/product\/king365-iptv\/#primaryimage"},"image":{"@id":"https:\/\/atlas-prontv.com\/index.php\/product\/king365-iptv\/#primaryimage"},"thumbnailUrl":"https:\/\/atlas-prontv.com\/wp-content\/uploads\/2023\/09\/image-1.png","datePublished":"2023-12-25T02:39:39+00:00","dateModified":"2026-04-11T02:14:14+00:00","breadcrumb":{"@id":"https:\/\/atlas-prontv.com\/index.php\/product\/king365-iptv\/#breadcrumb"},"inLanguage":"en-US","potentialAction":[{"@type":"ReadAction","target":["https:\/\/atlas-prontv.com\/index.php\/product\/king365-iptv\/"]}]},{"@type":"ImageObject","inLanguage":"en-US","@id":"https:\/\/atlas-prontv.com\/index.php\/product\/king365-iptv\/#primaryimage","url":"https:\/\/atlas-prontv.com\/wp-content\/uploads\/2023\/09\/image-1.png","contentUrl":"https:\/\/atlas-prontv.com\/wp-content\/uploads\/2023\/09\/image-1.png","width":345,"height":146,"caption":"king 365, king365"},{"@type":"BreadcrumbList","@id":"https:\/\/atlas-prontv.com\/index.php\/product\/king365-iptv\/#breadcrumb","itemListElement":[{"@type":"ListItem","position":1,"name":"Home","item":"https:\/\/atlas-prontv.com\/"},{"@type":"ListItem","position":2,"name":"Shop","item":"https:\/\/atlas-prontv.com\/index.php\/shop\/"},{"@type":"ListItem","position":3,"name":"king365 iptv"}]},{"@type":"WebSite","@id":"https:\/\/atlas-prontv.com\/#website","url":"https:\/\/atlas-prontv.com\/","name":"atlas-prontv.com","description":"","potentialAction":[{"@type":"SearchAction","target":{"@type":"EntryPoint","urlTemplate":"https:\/\/atlas-prontv.com\/?s={search_term_string}"},"query-input":{"@type":"PropertyValueSpecification","valueRequired":true,"valueName":"search_term_string"}}],"inLanguage":"en-US"}]}},"_links":{"self":[{"href":"https:\/\/atlas-prontv.com\/index.php\/wp-json\/wp\/v2\/product\/49"}],"collection":[{"href":"https:\/\/atlas-prontv.com\/index.php\/wp-json\/wp\/v2\/product"}],"about":[{"href":"https:\/\/atlas-prontv.com\/index.php\/wp-json\/wp\/v2\/types\/product"}],"replies":[{"embeddable":true,"href":"https:\/\/atlas-prontv.com\/index.php\/wp-json\/wp\/v2\/comments?post=49"}],"wp:featuredmedia":[{"embeddable":true,"href":"https:\/\/atlas-prontv.com\/index.php\/wp-json\/wp\/v2\/media\/44"}],"wp:attachment":[{"href":"https:\/\/atlas-prontv.com\/index.php\/wp-json\/wp\/v2\/media?parent=49"}],"wp:term":[{"taxonomy":"product_cat","embeddable":true,"href":"https:\/\/atlas-prontv.com\/index.php\/wp-json\/wp\/v2\/product_cat?post=49"},{"taxonomy":"product_tag","embeddable":true,"href":"https:\/\/atlas-prontv.com\/index.php\/wp-json\/wp\/v2\/product_tag?post=49"}],"curies":[{"name":"wp","href":"https:\/\/api.w.org\/{rel}","templated":true}]}}